{"id":232,"date":"2018-12-25T02:36:59","date_gmt":"2018-12-25T02:36:59","guid":{"rendered":"http:\/\/demos.casethemes.net\/finano\/?page_id=232"},"modified":"2022-02-15T21:55:15","modified_gmt":"2022-02-15T20:55:15","slug":"services-nomad-consultants-lille","status":"publish","type":"page","link":"https:\/\/nomadconsultants.fr\/index.php\/services-nomad-consultants-lille\/","title":{"rendered":"Nos services"},"content":{"rendered":"<p>[vc_row][vc_column css=\u00a0\u00bb.vc_custom_1545964602184{padding-top: 85px !important;padding-bottom: 90px !important;}\u00a0\u00bb][vc_raw_js]JTNDJTIxLS0lMjBHb29nbGUlMjBUYWclMjBNYW5hZ2VyJTIwLS0lM0UlMEElM0NzY3JpcHQlM0UlMjhmdW5jdGlvbiUyOHclMkNkJTJDcyUyQ2wlMkNpJTI5JTdCdyU1QmwlNUQlM0R3JTVCbCU1RCU3QyU3QyU1QiU1RCUzQnclNUJsJTVELnB1c2glMjglN0IlMjdndG0uc3RhcnQlMjclM0ElMEFuZXclMjBEYXRlJTI4JTI5LmdldFRpbWUlMjglMjklMkNldmVudCUzQSUyN2d0bS5qcyUyNyU3RCUyOSUzQnZhciUyMGYlM0RkLmdldEVsZW1lbnRzQnlUYWdOYW1lJTI4cyUyOSU1QjAlNUQlMkMlMEFqJTNEZC5jcmVhdGVFbGVtZW50JTI4cyUyOSUyQ2RsJTNEbCUyMSUzRCUyN2RhdGFMYXllciUyNyUzRiUyNyUyNmwlM0QlMjclMkJsJTNBJTI3JTI3JTNCai5hc3luYyUzRHRydWUlM0JqLnNyYyUzRCUwQSUyN2h0dHBzJTNBJTJGJTJGd3d3Lmdvb2dsZXRhZ21hbmFnZXIuY29tJTJGZ3RtLmpzJTNGaWQlM0QlMjclMkJpJTJCZGwlM0JmLnBhcmVudE5vZGUuaW5zZXJ0QmVmb3JlJTI4aiUyQ2YlMjklM0IlMEElN0QlMjklMjh3aW5kb3clMkNkb2N1bWVudCUyQyUyN3NjcmlwdCUyNyUyQyUyN2RhdGFMYXllciUyNyUyQyUyN0dUTS1NWEpMSlNYJTI3JTI5JTNCJTNDJTJGc2NyaXB0JTNFJTBBJTNDJTIxLS0lMjBFbmQlMjBHb29nbGUlMjBUYWclMjBNYW5hZ2VyJTIwLS0lM0U=[\/vc_raw_js][vc_raw_js]JTNDJTIxLS0lMjBHb29nbGUlMjBUYWclMjBNYW5hZ2VyJTIwJTI4bm9zY3JpcHQlMjklMjAtLSUzRSUwQSUzQ25vc2NyaXB0JTNFJTNDaWZyYW1lJTIwc3JjJTNEJTIyaHR0cHMlM0ElMkYlMkZ3d3cuZ29vZ2xldGFnbWFuYWdlci5jb20lMkZucy5odG1sJTNGaWQlM0RHVE0tTVhKTEpTWCUyMiUwQWhlaWdodCUzRCUyMjAlMjIlMjB3aWR0aCUzRCUyMjAlMjIlMjBzdHlsZSUzRCUyMmRpc3BsYXklM0Fub25lJTNCdmlzaWJpbGl0eSUzQWhpZGRlbiUyMiUzRSUzQyUyRmlmcmFtZSUzRSUzQyUyRm5vc2NyaXB0JTNFJTBBJTNDJTIxLS0lMjBFbmQlMjBHb29nbGUlMjBUYWclMjBNYW5hZ2VyJTIwJTI4bm9zY3JpcHQlMjklMjAtLSUzRQ==[\/vc_raw_js][vc_row_inner][vc_column_inner width=\u00a0\u00bb1\/4&Prime;][\/vc_column_inner][vc_column_inner width=\u00a0\u00bb1\/2&Prime; ct_column_inner_class=\u00a0\u00bbrm-padding-lg\u00a0\u00bb css=\u00a0\u00bb.vc_custom_1545964623807{padding-top: 0px !important;padding-right: 30px !important;padding-bottom: 0px !important;padding-left: 30px !important;}\u00a0\u00bb][ct_heading text=\u00a0\u00bbNous sommes experts dans le management d&rsquo;entreprise et l&rsquo;optimisation de votre activit\u00e9\u00a0\u00bb align_lg=\u00a0\u00bbalign-center\u00a0\u00bb align_md=\u00a0\u00bbalign-center-md\u00a0\u00bb align_sm=\u00a0\u00bbalign-center-sm\u00a0\u00bb align_xs=\u00a0\u00bbalign-center-xs\u00a0\u00bb font_size_sm=\u00a0\u00bb24&Prime; font_size_xs=\u00a0\u00bb24&Prime; font_weight=\u00a0\u00bb\u00a0\u00bb subtitle=\u00a0\u00bbA propos de nos services\u00a0\u00bb description_font_weight=\u00a0\u00bbinherit\u00a0\u00bb margin_bottom=\u00a0\u00bb0&Prime; animation=\u00a0\u00bbnone\u00a0\u00bb][\/vc_column_inner][vc_column_inner width=\u00a0\u00bb1\/4&Prime;][\/vc_column_inner][\/vc_row_inner][vc_empty_space height=\u00a0\u00bb60&Prime;][ct_service_grid cms_template=\u00a0\u00bbct_service_grid&#8211;layout2.php\u00a0\u00bb except_length=\u00a0\u00bb11&Prime; service_icon=\u00a0\u00bb%5B%7B%22icon_type%22%3A%22icon%22%2C%22icon_list%22%3A%22flaticon%22%2C%22icon_flaticon%22%3A%22flaticon-growth-2%22%7D%2C%7B%22icon_type%22%3A%22icon%22%2C%22icon_list%22%3A%22flaticon%22%2C%22icon_flaticon%22%3A%22flaticon-report%22%7D%2C%7B%22icon_type%22%3A%22icon%22%2C%22icon_list%22%3A%22flaticon%22%2C%22icon_flaticon%22%3A%22flaticon-metrics%22%7D%2C%7B%22icon_type%22%3A%22icon%22%2C%22icon_list%22%3A%22flaticon%22%2C%22icon_flaticon%22%3A%22flaticon-car%22%7D%2C%7B%22icon_type%22%3A%22icon%22%2C%22icon_list%22%3A%22flaticon%22%2C%22icon_flaticon%22%3A%22flaticon-check-mark%22%7D%2C%7B%22icon_type%22%3A%22icon%22%2C%22icon_list%22%3A%22flaticon%22%2C%22icon_flaticon%22%3A%22flaticon-rent%22%7D%2C%7B%22icon_type%22%3A%22icon%22%2C%22icon_list%22%3A%22flaticon%22%2C%22icon_flaticon%22%3A%22flaticon-family-room%22%7D%2C%7B%22icon_type%22%3A%22icon%22%2C%22icon_list%22%3A%22flaticon%22%2C%22icon_flaticon%22%3A%22flaticon-heart%22%7D%5D\u00a0\u00bb col_xs=\u00a0\u00bb1&Prime; col_sm=\u00a0\u00bb2&Prime; col_md=\u00a0\u00bb2&Prime; col_lg=\u00a0\u00bb4&Prime; col_xl=\u00a0\u00bb4&Prime;][\/vc_column][\/vc_row][vc_row full_width=\u00a0\u00bbstretch_row\u00a0\u00bb css=\u00a0\u00bb.vc_custom_1546529206115{background-color: #f2f3fa !important;}\u00a0\u00bb][vc_column css=\u00a0\u00bb.vc_custom_1546790466302{padding-top: 85px !important;padding-bottom: 90px !important;}\u00a0\u00bb][vc_row_inner content_placement=\u00a0\u00bbmiddle\u00a0\u00bb][vc_column_inner ct_column_inner_class=\u00a0\u00bbrm-padding-lg\u00a0\u00bb css=\u00a0\u00bb.vc_custom_1545969475039{padding-top: 0px !important;padding-right: 90px !important;}\u00a0\u00bb][ct_heading text=\u00a0\u00bbRencontrons-nous pour<br \/>\n\u00e9changer <cite>sur votre situation<\/cite>\u00a0\u00bb tag=\u00a0\u00bbh2&Prime; align_lg=\u00a0\u00bbalign-center\u00a0\u00bb align_md=\u00a0\u00bbalign-center-md\u00a0\u00bb align_sm=\u00a0\u00bbalign-center-sm\u00a0\u00bb align_xs=\u00a0\u00bbalign-center-xs\u00a0\u00bb font_size_sm=\u00a0\u00bb24&Prime; font_size_xs=\u00a0\u00bb24&Prime; font_weight=\u00a0\u00bb\u00a0\u00bb description_font_weight=\u00a0\u00bbinherit\u00a0\u00bb margin_bottom=\u00a0\u00bb0&Prime;][\/vc_column_inner][\/vc_row_inner][vc_empty_space height=\u00a0\u00bb90&Prime;][ct_service_carousel cms_template=\u00a0\u00bbct_service_carousel&#8211;layout3.php\u00a0\u00bb limit=\u00a0\u00bb4&Prime; except_length=\u00a0\u00bb4&Prime; service_icon=\u00a0\u00bb%5B%7B%22icon_type%22%3A%22icon%22%2C%22icon_list%22%3A%22flaticon%22%2C%22icon_flaticon%22%3A%22flaticon-growth-4%22%7D%2C%7B%22icon_type%22%3A%22icon%22%2C%22icon_list%22%3A%22flaticon%22%2C%22icon_flaticon%22%3A%22flaticon-report%22%7D%2C%7B%22icon_type%22%3A%22icon%22%2C%22icon_list%22%3A%22flaticon%22%2C%22icon_flaticon%22%3A%22flaticon-metrics%22%7D%2C%7B%22icon_type%22%3A%22icon%22%2C%22icon_list%22%3A%22flaticon%22%2C%22icon_flaticon%22%3A%22flaticon-car%22%7D%2C%7B%22icon_type%22%3A%22icon%22%2C%22icon_list%22%3A%22flaticon%22%2C%22icon_flaticon%22%3A%22flaticon-check-mark%22%7D%2C%7B%22icon_type%22%3A%22icon%22%2C%22icon_list%22%3A%22flaticon%22%2C%22icon_flaticon%22%3A%22flaticon-rent%22%7D%5D\u00a0\u00bb col_xs=\u00a0\u00bb1&Prime; col_sm=\u00a0\u00bb2&Prime; col_md=\u00a0\u00bb2&Prime; col_lg=\u00a0\u00bb3&Prime; col_xl=\u00a0\u00bb3&Prime; loop=\u00a0\u00bbtrue\u00a0\u00bb autoplay=\u00a0\u00bbtrue\u00a0\u00bb][\/vc_column][\/vc_row][vc_row][vc_column css=\u00a0\u00bb.vc_custom_1546832665313{padding-top: 85px !important;padding-bottom: 90px !important;}\u00a0\u00bb][vc_row_inner][vc_column_inner width=\u00a0\u00bb1\/4&Prime;][\/vc_column_inner][vc_column_inner width=\u00a0\u00bb1\/2&Prime; ct_column_inner_class=\u00a0\u00bbrm-padding-lg\u00a0\u00bb css=\u00a0\u00bb.vc_custom_1545964623807{padding-top: 0px !important;padding-right: 30px !important;padding-bottom: 0px !important;padding-left: 30px !important;}\u00a0\u00bb][ct_heading text=\u00a0\u00bbChoisissez la formule<br \/>\nla plus adapt\u00e9e <cite>\u00e0 vos besoins<\/cite>\u00a0\u00bb align_lg=\u00a0\u00bbalign-center\u00a0\u00bb align_md=\u00a0\u00bbalign-center-md\u00a0\u00bb align_sm=\u00a0\u00bbalign-center-sm\u00a0\u00bb align_xs=\u00a0\u00bbalign-center-xs\u00a0\u00bb font_size_sm=\u00a0\u00bb24&Prime; font_size_xs=\u00a0\u00bb24&Prime; font_weight=\u00a0\u00bb\u00a0\u00bb subtitle=\u00a0\u00bbnos offres\u00a0\u00bb description_font_weight=\u00a0\u00bbinherit\u00a0\u00bb margin_bottom=\u00a0\u00bb0&Prime; animation=\u00a0\u00bbnone\u00a0\u00bb][\/vc_column_inner][vc_column_inner width=\u00a0\u00bb1\/4&Prime;][\/vc_column_inner][\/vc_row_inner][vc_empty_space height=\u00a0\u00bb30&Prime;][vc_row_inner][vc_column_inner width=\u00a0\u00bb1\/3&Prime; css=\u00a0\u00bb.vc_custom_1546850368320{padding-top: 0px !important;}\u00a0\u00bb][ct_space space_lg=\u00a0\u00bb39&Prime; space_md=\u00a0\u00bb39&Prime; space_sm=\u00a0\u00bb39&Prime; space_xs=\u00a0\u00bb0&Prime;][ct_pricing title=\u00a0\u00bbConsultation Starter\u00a0\u00bb description=\u00a0\u00bbRecevez l&rsquo;avis d&rsquo;un de nos experts sur votre situation\u00a0\u00bb price=\u00a0\u00bb185\u20ac HT\u00a0\u00bb feature_lists=\u00a0\u00bb%5B%7B%22feature_item%22%3A%221%20atelier%22%2C%22active%22%3A%22no-active%22%7D%2C%7B%22feature_item%22%3A%22Conseils%20et%20suivi%20personnalis%C3%A9s%22%2C%22active%22%3A%22active%22%7D%2C%7B%22feature_item%22%3A%22rendez-vous%20avec%20nos%20experts%22%2C%22active%22%3A%22no-active%22%7D%2C%7B%22feature_item%22%3A%22Visio-conf%C3%A9rence%22%2C%22active%22%3A%22no-active%22%7D%5D\u00a0\u00bb text_button=\u00a0\u00bbChoisir ce forfait\u00a0\u00bb link_button=\u00a0\u00bburl:https%3A%2F%2Fcalendly.com%2Fnicolasmoragedavid%2F15min|title:Consultation%20Starter||\u00a0\u00bb cms_template=\u00a0\u00bbct_pricing.php\u00a0\u00bb][\/vc_column_inner][vc_column_inner width=\u00a0\u00bb1\/3&Prime; css=\u00a0\u00bb.vc_custom_1546850372288{padding-top: 0px !important;}\u00a0\u00bb][ct_space space_xs=\u00a0\u00bb39&Prime;][ct_pricing recommended=\u00a0\u00bbRecommand\u00e9\u00a0\u00bb title=\u00a0\u00bbBooster sa croissance\u00a0\u00bb description=\u00a0\u00bbNe restez plus seul face \u00e0 vos questions<br \/>\nNos experts vous suivent &#8230;\u00a0\u00bb price=\u00a0\u00bb2500 \u20ac HT\u00a0\u00bb feature_lists=\u00a0\u00bb%5B%7B%22feature_item%22%3A%223%20ateliers%22%2C%22active%22%3A%22no-active%22%7D%2C%7B%22feature_item%22%3A%22visio-conf%C3%A9rence%22%2C%22active%22%3A%22active%22%7D%2C%7B%22feature_item%22%3A%22rendez-vous%20avec%20nos%20experts%22%2C%22active%22%3A%22no-active%22%7D%2C%7B%22feature_item%22%3A%22Conseils%20et%20suivi%20personnalis%C3%A9s%22%2C%22active%22%3A%22active%22%7D%2C%7B%22feature_item%22%3A%22Rapport%20d%C3%A9taill%C3%A9%22%2C%22active%22%3A%22active%22%7D%5D\u00a0\u00bb text_button=\u00a0\u00bbChoisir ce forfait\u00a0\u00bb link_button=\u00a0\u00bburl:https%3A%2F%2Fcalendly.com%2Fnicolasmoragedavid%2F15min|title:Booster%20sa%20croissance||\u00a0\u00bb cms_template=\u00a0\u00bbct_pricing.php\u00a0\u00bb][\/vc_column_inner][vc_column_inner width=\u00a0\u00bb1\/3&Prime; css=\u00a0\u00bb.vc_custom_1546850379410{padding-top: 0px !important;}\u00a0\u00bb][ct_space space_xs=\u00a0\u00bb39&Prime; space_lg=\u00a0\u00bb39&Prime; space_md=\u00a0\u00bb39&Prime; space_sm=\u00a0\u00bb39&Prime;][ct_pricing title=\u00a0\u00bbCoaching Excellence\u00a0\u00bb description=\u00a0\u00bbParce que nos experts sont les meilleurs et\u00a0\u00bb price=\u00a0\u00bbsur devis\u00a0\u00bb feature_lists=\u00a0\u00bb%5B%7B%22feature_item%22%3A%22rendez-vous%20avec%20nos%20experts%22%2C%22active%22%3A%22active%22%7D%2C%7B%22feature_item%22%3A%22Etude%20de%20votre%20demande%22%2C%22active%22%3A%22no-active%22%7D%2C%7B%22feature_item%22%3A%22Etablissement%20de%20votre%20devis%22%2C%22active%22%3A%22no-active%22%7D%2C%7B%22feature_item%22%3A%22Conseils%20et%20suivi%20personnalis%C3%A9s%22%2C%22active%22%3A%22active%22%7D%2C%7B%22feature_item%22%3A%22Visio-conf%C3%A9rences%22%2C%22active%22%3A%22no-active%22%7D%5D\u00a0\u00bb text_button=\u00a0\u00bbDemandez un devis\u00a0\u00bb link_button=\u00a0\u00bburl:https%3A%2F%2Fcalendly.com%2Fnicolasmoragedavid%2F15min|||\u00a0\u00bb cms_template=\u00a0\u00bbct_pricing.php\u00a0\u00bb][\/vc_column_inner][\/vc_row_inner][vc_empty_space height=\u00a0\u00bb53&Prime;][\/vc_column][\/vc_row][vc_row full_width=\u00a0\u00bbstretch_row_content_no_spaces\u00a0\u00bb equal_height=\u00a0\u00bbyes\u00a0\u00bb content_placement=\u00a0\u00bbmiddle\u00a0\u00bb][vc_column offset=\u00a0\u00bbvc_col-lg-6 vc_col-md-6&Prime;][ct_googlemap address=\u00a0\u00bb3 all\u00e9e LAVOISIER 59650 VILLENEUVE D&rsquo;ASCQ\u00a0\u00bb coordinate=\u00a0\u00bb50.643510, 3.139859&Prime; markercoordinate=\u00a0\u00bb50.643510, 3.139859&Prime; markericon=\u00a0\u00bb23&Prime; height=\u00a0\u00bb500px\u00a0\u00bb][\/ct_googlemap][\/vc_column][vc_column parallax=\u00a0\u00bbcontent-moving\u00a0\u00bb parallax_image=\u00a0\u00bb732&Prime; ct_column_class=\u00a0\u00bbrm-padding-md30&Prime; ct_column_offset=\u00a0\u00bbcol-offset-right\u00a0\u00bb css=\u00a0\u00bb.vc_custom_1569419121127{padding-top: 80px !important;padding-bottom: 80px !important;padding-left: 85px !important;background-color: rgba(0,4,9,0.84) !important;*background-color: rgb(0,4,9) !important;}\u00a0\u00bb offset=\u00a0\u00bbvc_col-lg-6 vc_col-md-6&Prime;][ct_heading text=\u00a0\u00bbR\u00e9servez votre <cite>entretien<\/cite>\u00a0\u00bb font_size_sm=\u00a0\u00bb24&Prime; font_size_xs=\u00a0\u00bb24&Prime; font_weight=\u00a0\u00bb\u00a0\u00bb text_color=\u00a0\u00bb#ffffff\u00a0\u00bb description=\u00a0\u00bbThe argument in favor of using filler text goes something like this: If you use real content in the design process.\u00a0\u00bb description_color=\u00a0\u00bb#ebecfe\u00a0\u00bb description_font_weight=\u00a0\u00bbinherit\u00a0\u00bb margin_bottom=\u00a0\u00bb25&Prime; animation=\u00a0\u00bbnone\u00a0\u00bb el_class=\u00a0\u00bbcite-inherit\u00a0\u00bb][vc_empty_space height=\u00a0\u00bb37&Prime;][ct_heading text=\u00a0\u00bbJe souhaite avoir une consultation:\u00a0\u00bb font_size=\u00a0\u00bb15&Prime; font_size_md=\u00a0\u00bb15&Prime; font_size_sm=\u00a0\u00bb15&Prime; font_size_xs=\u00a0\u00bb15&Prime; font_weight=\u00a0\u00bb\u00a0\u00bb text_color=\u00a0\u00bb#596cf7&Prime; description_font_weight=\u00a0\u00bbinherit\u00a0\u00bb margin_bottom=\u00a0\u00bb16&Prime;][ct_contact_form id=\u00a0\u00bb754&Prime; styles=\u00a0\u00bbstyle2&Prime;][\/vc_column][\/vc_row][vc_row][vc_column width=\u00a0\u00bb1\/4&Prime;][vc_empty_space height=\u00a0\u00bb64px\u00a0\u00bb][ct_heading text=\u00a0\u00bbNotre agence Nomad Consultants vous propose ses services dans la r\u00e9gion des Hauts de France\u00a0\u00bb align_lg=\u00a0\u00bbalign-center\u00a0\u00bb align_md=\u00a0\u00bbalign-center-md\u00a0\u00bb align_sm=\u00a0\u00bbalign-center-sm\u00a0\u00bb align_xs=\u00a0\u00bbalign-center-xs\u00a0\u00bb font_weight=\u00a0\u00bb\u00a0\u00bb description_font_weight=\u00a0\u00bbinherit\u00a0\u00bb][\/vc_column][vc_column width=\u00a0\u00bb3\/4&Prime;][vc_empty_space height=\u00a0\u00bb64px\u00a0\u00bb][vc_column_text]<\/p>\n<p style=\"text-align: center;\">Annoeullin, Anzin,Armenti\u00e8res, Aulnoy-lez-Valenciennes,Bailleul, La Bass\u00e9e,Bauvin, Cambrai, Bourbourg, Le cateau-calmbr\u00e9sis, Caudry, Cappelle La Grande, La Chapelle d&rsquo;Armenti\u00e9res, Comines, Cond\u00e9 sur l&rsquo;escaut, Coudekerques branche, Croix, Cuincy, Dechy, Douai, Dunkerque, Estaires, Faches-thumesnil, Escaudain, estaires, Fourmies, Halluin, Hazebrouck, Hem, Haubourdin, Lambersart, Lille, Linselles, Lomme, Loos, Lys-lez-lannoy, La Madeleine, marcq-en-baroeul, Marquette-les-lille, merville, mons-en-bareul, mouvaux, Neuville en Ferrain, Onnaing, Nieppe, Onnaing, Orchies, Ostricourt, P\u00e9renchies, Petite-for\u00eat, quesnoy-sur-de\u00fble, raismes, ronchin,roncq, roubaix, saint-amand-les-eaux, saint-andr\u00e9-lez-lille, seclin, somain, templeuve, t\u00e9t\u00e9ghem, tourcoing, valenciennes, villeneuve d&rsquo;ascq, wallers, wambrechies, wasquehal, wattignies, wattrelos, wavrin<\/p>\n<p>[\/vc_column_text][\/vc_column][\/vc_row]<\/p>\n","protected":false},"excerpt":{"rendered":"<p>[vc_row][vc_column css=\u00a0\u00bb.vc_custom_1545964602184{padding-top: 85px !important;padding-bottom: 90px !important;}\u00a0\u00bb][vc_raw_js]JTNDJTIxLS0lMjBHb29nbGUlMjBUYWclMjBNYW5hZ2VyJTIwLS0lM0UlMEElM0NzY3JpcHQlM0UlMjhmdW5jdGlvbiUyOHclMkNkJTJDcyUyQ2wlMkNpJTI5JTdCdyU1QmwlNUQlM0R3JTVCbCU1RCU3QyU3QyU1QiU1RCUzQnclNUJsJTVELnB1c2glMjglN0IlMjdndG0uc3RhcnQlMjclM0ElMEFuZXclMjBEYXRlJTI4JTI5LmdldFRpbWUlMjglMjklMkNldmVudCUzQSUyN2d0bS5qcyUyNyU3RCUyOSUzQnZhciUyMGYlM0RkLmdldEVsZW1lbnRzQnlUYWdOYW1lJTI4cyUyOSU1QjAlNUQlMkMlMEFqJTNEZC5jcmVhdGVFbGVtZW50JTI4cyUyOSUyQ2RsJTNEbCUyMSUzRCUyN2RhdGFMYXllciUyNyUzRiUyNyUyNmwlM0QlMjclMkJsJTNBJTI3JTI3JTNCai5hc3luYyUzRHRydWUlM0JqLnNyYyUzRCUwQSUyN2h0dHBzJTNBJTJGJTJGd3d3Lmdvb2dsZXRhZ21hbmFnZXIuY29tJTJGZ3RtLmpzJTNGaWQlM0QlMjclMkJpJTJCZGwlM0JmLnBhcmVudE5vZGUuaW5zZXJ0QmVmb3JlJTI4aiUyQ2YlMjklM0IlMEElN0QlMjklMjh3aW5kb3clMkNkb2N1bWVudCUyQyUyN3NjcmlwdCUyNyUyQyUyN2RhdGFMYXllciUyNyUyQyUyN0dUTS1NWEpMSlNYJTI3JTI5JTNCJTNDJTJGc2NyaXB0JTNFJTBBJTNDJTIxLS0lMjBFbmQlMjBHb29nbGUlMjBUYWclMjBNYW5hZ2VyJTIwLS0lM0U=[\/vc_raw_js][vc_raw_js]JTNDJTIxLS0lMjBHb29nbGUlMjBUYWclMjBNYW5hZ2VyJTIwJTI4bm9zY3JpcHQlMjklMjAtLSUzRSUwQSUzQ25vc2NyaXB0JTNFJTNDaWZyYW1lJTIwc3JjJTNEJTIyaHR0cHMlM0ElMkYlMkZ3d3cuZ29vZ2xldGFnbWFuYWdlci5jb20lMkZucy5odG1sJTNGaWQlM0RHVE0tTVhKTEpTWCUyMiUwQWhlaWdodCUzRCUyMjAlMjIlMjB3aWR0aCUzRCUyMjAlMjIlMjBzdHlsZSUzRCUyMmRpc3BsYXklM0Fub25lJTNCdmlzaWJpbGl0eSUzQWhpZGRlbiUyMiUzRSUzQyUyRmlmcmFtZSUzRSUzQyUyRm5vc2NyaXB0JTNFJTBBJTNDJTIxLS0lMjBFbmQlMjBHb29nbGUlMjBUYWclMjBNYW5hZ2VyJTIwJTI4bm9zY3JpcHQlMjklMjAtLSUzRQ==[\/vc_raw_js][vc_row_inner][vc_column_inner width=\u00a0\u00bb1\/4&Prime;][\/vc_column_inner][vc_column_inner width=\u00a0\u00bb1\/2&Prime; ct_column_inner_class=\u00a0\u00bbrm-padding-lg\u00a0\u00bb css=\u00a0\u00bb.vc_custom_1545964623807{padding-top: 0px !important;padding-right: 30px !important;padding-bottom: 0px !important;padding-left: 30px !important;}\u00a0\u00bb][ct_heading text=\u00a0\u00bbNous sommes experts dans le management d&rsquo;entreprise et l&rsquo;optimisation de votre activit\u00e9\u00a0\u00bb align_lg=\u00a0\u00bbalign-center\u00a0\u00bb align_md=\u00a0\u00bbalign-center-md\u00a0\u00bb align_sm=\u00a0\u00bbalign-center-sm\u00a0\u00bb align_xs=\u00a0\u00bbalign-center-xs\u00a0\u00bb font_size_sm=\u00a0\u00bb24&Prime; font_size_xs=\u00a0\u00bb24&Prime; font_weight=\u00a0\u00bb\u00a0\u00bb subtitle=\u00a0\u00bbA propos de nos services\u00a0\u00bb description_font_weight=\u00a0\u00bbinherit\u00a0\u00bb margin_bottom=\u00a0\u00bb0&Prime; animation=\u00a0\u00bbnone\u00a0\u00bb][\/vc_column_inner][vc_column_inner width=\u00a0\u00bb1\/4&Prime;][\/vc_column_inner][\/vc_row_inner][vc_empty_space height=\u00a0\u00bb60&Prime;][ct_service_grid cms_template=\u00a0\u00bbct_service_grid&#8211;layout2.php\u00a0\u00bb except_length=\u00a0\u00bb11&Prime; service_icon=\u00a0\u00bb%5B%7B%22icon_type%22%3A%22icon%22%2C%22icon_list%22%3A%22flaticon%22%2C%22icon_flaticon%22%3A%22flaticon-growth-2%22%7D%2C%7B%22icon_type%22%3A%22icon%22%2C%22icon_list%22%3A%22flaticon%22%2C%22icon_flaticon%22%3A%22flaticon-report%22%7D%2C%7B%22icon_type%22%3A%22icon%22%2C%22icon_list%22%3A%22flaticon%22%2C%22icon_flaticon%22%3A%22flaticon-metrics%22%7D%2C%7B%22icon_type%22%3A%22icon%22%2C%22icon_list%22%3A%22flaticon%22%2C%22icon_flaticon%22%3A%22flaticon-car%22%7D%2C%7B%22icon_type%22%3A%22icon%22%2C%22icon_list%22%3A%22flaticon%22%2C%22icon_flaticon%22%3A%22flaticon-check-mark%22%7D%2C%7B%22icon_type%22%3A%22icon%22%2C%22icon_list%22%3A%22flaticon%22%2C%22icon_flaticon%22%3A%22flaticon-rent%22%7D%2C%7B%22icon_type%22%3A%22icon%22%2C%22icon_list%22%3A%22flaticon%22%2C%22icon_flaticon%22%3A%22flaticon-family-room%22%7D%2C%7B%22icon_type%22%3A%22icon%22%2C%22icon_list%22%3A%22flaticon%22%2C%22icon_flaticon%22%3A%22flaticon-heart%22%7D%5D\u00a0\u00bb col_xs=\u00a0\u00bb1&Prime; col_sm=\u00a0\u00bb2&Prime; col_md=\u00a0\u00bb2&Prime; col_lg=\u00a0\u00bb4&Prime; col_xl=\u00a0\u00bb4&Prime;][\/vc_column][\/vc_row][vc_row [&hellip;]<\/p>\n","protected":false},"author":2,"featured_media":0,"parent":0,"menu_order":0,"comment_status":"closed","ping_status":"closed","template":"","meta":[],"yoast_head":"<!-- This site is optimized with the Yoast SEO plugin v19.4 - https:\/\/yoast.com\/wordpress\/plugins\/seo\/ -->\n<title>Services de conseil aux entreprises | Nos services | nomad consultants<\/title>\n<meta name=\"description\" content=\"Notre cabinet vous propose toute une gamme de services sp\u00e9cialement destin\u00e9s aux entrepreneurs ambitieux et qui souhaitent dynamiser leur activit\u00e9 commerciale\" \/>\n<meta name=\"robots\" content=\"index, follow, max-snippet:-1, max-image-preview:large, max-video-preview:-1\" \/>\n<link rel=\"canonical\" href=\"https:\/\/nomadconsultants.fr\/index.php\/services-nomad-consultants-lille\/\" \/>\n<meta property=\"og:locale\" content=\"fr_FR\" \/>\n<meta property=\"og:type\" content=\"article\" \/>\n<meta property=\"og:title\" content=\"Services de conseil aux entreprises | Nos services | nomad consultants\" \/>\n<meta property=\"og:description\" content=\"Notre cabinet vous propose toute une gamme de services sp\u00e9cialement destin\u00e9s aux entrepreneurs ambitieux et qui souhaitent dynamiser leur activit\u00e9 commerciale\" \/>\n<meta property=\"og:url\" content=\"https:\/\/nomadconsultants.fr\/index.php\/services-nomad-consultants-lille\/\" \/>\n<meta property=\"og:site_name\" content=\"nomad consultants\" \/>\n<meta property=\"article:modified_time\" content=\"2022-02-15T20:55:15+00:00\" \/>\n<meta name=\"twitter:card\" content=\"summary_large_image\" \/>\n<meta name=\"twitter:label1\" content=\"Dur\u00e9e de lecture estim\u00e9e\" \/>\n\t<meta name=\"twitter:data1\" content=\"8 minutes\" \/>\n<!-- \/ Yoast SEO plugin. -->","yoast_head_json":{"title":"Services de conseil aux entreprises | Nos services | nomad consultants","description":"Notre cabinet vous propose toute une gamme de services sp\u00e9cialement destin\u00e9s aux entrepreneurs ambitieux et qui souhaitent dynamiser leur activit\u00e9 commerciale","robots":{"index":"index","follow":"follow","max-snippet":"max-snippet:-1","max-image-preview":"max-image-preview:large","max-video-preview":"max-video-preview:-1"},"canonical":"https:\/\/nomadconsultants.fr\/index.php\/services-nomad-consultants-lille\/","og_locale":"fr_FR","og_type":"article","og_title":"Services de conseil aux entreprises | Nos services | nomad consultants","og_description":"Notre cabinet vous propose toute une gamme de services sp\u00e9cialement destin\u00e9s aux entrepreneurs ambitieux et qui souhaitent dynamiser leur activit\u00e9 commerciale","og_url":"https:\/\/nomadconsultants.fr\/index.php\/services-nomad-consultants-lille\/","og_site_name":"nomad consultants","article_modified_time":"2022-02-15T20:55:15+00:00","twitter_card":"summary_large_image","twitter_misc":{"Dur\u00e9e de lecture estim\u00e9e":"8 minutes"},"schema":{"@context":"https:\/\/schema.org","@graph":[{"@type":"WebSite","@id":"https:\/\/nomadconsultants.fr\/#website","url":"https:\/\/nomadconsultants.fr\/","name":"nomad consultants","description":"sp\u00e9cialiste du coaching en entreprise","potentialAction":[{"@type":"SearchAction","target":{"@type":"EntryPoint","urlTemplate":"https:\/\/nomadconsultants.fr\/?s={search_term_string}"},"query-input":"required name=search_term_string"}],"inLanguage":"fr-FR"},{"@type":"WebPage","@id":"https:\/\/nomadconsultants.fr\/index.php\/services-nomad-consultants-lille\/","url":"https:\/\/nomadconsultants.fr\/index.php\/services-nomad-consultants-lille\/","name":"Services de conseil aux entreprises | Nos services | nomad consultants","isPartOf":{"@id":"https:\/\/nomadconsultants.fr\/#website"},"datePublished":"2018-12-25T02:36:59+00:00","dateModified":"2022-02-15T20:55:15+00:00","description":"Notre cabinet vous propose toute une gamme de services sp\u00e9cialement destin\u00e9s aux entrepreneurs ambitieux et qui souhaitent dynamiser leur activit\u00e9 commerciale","breadcrumb":{"@id":"https:\/\/nomadconsultants.fr\/index.php\/services-nomad-consultants-lille\/#breadcrumb"},"inLanguage":"fr-FR","potentialAction":[{"@type":"ReadAction","target":["https:\/\/nomadconsultants.fr\/index.php\/services-nomad-consultants-lille\/"]}]},{"@type":"BreadcrumbList","@id":"https:\/\/nomadconsultants.fr\/index.php\/services-nomad-consultants-lille\/#breadcrumb","itemListElement":[{"@type":"ListItem","position":1,"name":"Accueil","item":"https:\/\/nomadconsultants.fr\/"},{"@type":"ListItem","position":2,"name":"Nos services"}]}]}},"_links":{"self":[{"href":"https:\/\/nomadconsultants.fr\/index.php\/wp-json\/wp\/v2\/pages\/232"}],"collection":[{"href":"https:\/\/nomadconsultants.fr\/index.php\/wp-json\/wp\/v2\/pages"}],"about":[{"href":"https:\/\/nomadconsultants.fr\/index.php\/wp-json\/wp\/v2\/types\/page"}],"author":[{"embeddable":true,"href":"https:\/\/nomadconsultants.fr\/index.php\/wp-json\/wp\/v2\/users\/2"}],"replies":[{"embeddable":true,"href":"https:\/\/nomadconsultants.fr\/index.php\/wp-json\/wp\/v2\/comments?post=232"}],"version-history":[{"count":3,"href":"https:\/\/nomadconsultants.fr\/index.php\/wp-json\/wp\/v2\/pages\/232\/revisions"}],"predecessor-version":[{"id":1890,"href":"https:\/\/nomadconsultants.fr\/index.php\/wp-json\/wp\/v2\/pages\/232\/revisions\/1890"}],"wp:attachment":[{"href":"https:\/\/nomadconsultants.fr\/index.php\/wp-json\/wp\/v2\/media?parent=232"}],"curies":[{"name":"wp","href":"https:\/\/api.w.org\/{rel}","templated":true}]}}