{"id":1704,"date":"2019-09-03T15:16:19","date_gmt":"2019-09-03T13:16:19","guid":{"rendered":"https:\/\/nomadconsultants.fr\/?page_id=1704"},"modified":"2022-02-15T21:19:02","modified_gmt":"2022-02-15T20:19:02","slug":"booster-sa-croissance","status":"publish","type":"page","link":"https:\/\/nomadconsultants.fr\/index.php\/booster-sa-croissance\/","title":{"rendered":"Booster sa croissance"},"content":{"rendered":"<p>[vc_row][vc_column width=\u00a0\u00bb1\/2&Prime;][vc_column_text text_align=\u00a0\u00bbtext-center\u00a0\u00bb]<\/p>\n<p style=\"text-align: center;\">[asp_product id=\u00a0\u00bb1701&Prime;]<\/p>\n<p>[\/vc_column_text][\/vc_column][vc_column width=\u00a0\u00bb1\/2&Prime;][vc_single_image image=\u00a0\u00bb1028&Prime; img_size=\u00a0\u00bbfull\u00a0\u00bb css=\u00a0\u00bb.vc_custom_1567516923880{margin-bottom: 30px !important;border-bottom-width: 35px !important;}\u00a0\u00bb][\/vc_column][\/vc_row]<\/p>\n","protected":false},"excerpt":{"rendered":"<p>[vc_row][vc_column width=\u00a0\u00bb1\/2&Prime;][vc_column_text text_align=\u00a0\u00bbtext-center\u00a0\u00bb] [asp_product id=\u00a0\u00bb1701&Prime;] [\/vc_column_text][\/vc_column][vc_column width=\u00a0\u00bb1\/2&Prime;][vc_single_image image=\u00a0\u00bb1028&Prime; img_size=\u00a0\u00bbfull\u00a0\u00bb css=\u00a0\u00bb.vc_custom_1567516923880{margin-bottom: 30px !important;border-bottom-width: 35px !important;}\u00a0\u00bb][\/vc_column][\/vc_row]<\/p>\n","protected":false},"author":2,"featured_media":0,"parent":0,"menu_order":0,"comment_status":"closed","ping_status":"closed","template":"","meta":[],"yoast_head":"<!-- This site is optimized with the Yoast SEO plugin v19.4 - https:\/\/yoast.com\/wordpress\/plugins\/seo\/ -->\n<title>Soci\u00e9t\u00e9 de conseil | Booster sa croissance | nomad consultants<\/title>\n<meta name=\"description\" content=\"Votre entreprise tourne au ralenti et l&#039;activit\u00e9 n&#039;est pas au rendez-vous - d\u00e9couvrez nos offres pour redynamiser votre chiffre d&#039;affaire et doper vos ventes\" \/>\n<meta name=\"robots\" content=\"index, follow, max-snippet:-1, max-image-preview:large, max-video-preview:-1\" \/>\n<link rel=\"canonical\" href=\"https:\/\/nomadconsultants.fr\/index.php\/booster-sa-croissance\/\" \/>\n<meta property=\"og:locale\" content=\"fr_FR\" \/>\n<meta property=\"og:type\" content=\"article\" \/>\n<meta property=\"og:title\" content=\"Soci\u00e9t\u00e9 de conseil | Booster sa croissance | nomad consultants\" \/>\n<meta property=\"og:description\" content=\"Votre entreprise tourne au ralenti et l&#039;activit\u00e9 n&#039;est pas au rendez-vous - d\u00e9couvrez nos offres pour redynamiser votre chiffre d&#039;affaire et doper vos ventes\" \/>\n<meta property=\"og:url\" content=\"https:\/\/nomadconsultants.fr\/index.php\/booster-sa-croissance\/\" \/>\n<meta property=\"og:site_name\" content=\"nomad consultants\" \/>\n<meta property=\"article:modified_time\" content=\"2022-02-15T20:19:02+00:00\" \/>\n<meta name=\"twitter:card\" content=\"summary_large_image\" \/>\n<!-- \/ Yoast SEO plugin. -->","yoast_head_json":{"title":"Soci\u00e9t\u00e9 de conseil | Booster sa croissance | nomad consultants","description":"Votre entreprise tourne au ralenti et l'activit\u00e9 n'est pas au rendez-vous - d\u00e9couvrez nos offres pour redynamiser votre chiffre d'affaire et doper vos ventes","robots":{"index":"index","follow":"follow","max-snippet":"max-snippet:-1","max-image-preview":"max-image-preview:large","max-video-preview":"max-video-preview:-1"},"canonical":"https:\/\/nomadconsultants.fr\/index.php\/booster-sa-croissance\/","og_locale":"fr_FR","og_type":"article","og_title":"Soci\u00e9t\u00e9 de conseil | Booster sa croissance | nomad consultants","og_description":"Votre entreprise tourne au ralenti et l'activit\u00e9 n'est pas au rendez-vous - d\u00e9couvrez nos offres pour redynamiser votre chiffre d'affaire et doper vos ventes","og_url":"https:\/\/nomadconsultants.fr\/index.php\/booster-sa-croissance\/","og_site_name":"nomad consultants","article_modified_time":"2022-02-15T20:19:02+00:00","twitter_card":"summary_large_image","schema":{"@context":"https:\/\/schema.org","@graph":[{"@type":"WebSite","@id":"https:\/\/nomadconsultants.fr\/#website","url":"https:\/\/nomadconsultants.fr\/","name":"nomad consultants","description":"sp\u00e9cialiste du coaching en entreprise","potentialAction":[{"@type":"SearchAction","target":{"@type":"EntryPoint","urlTemplate":"https:\/\/nomadconsultants.fr\/?s={search_term_string}"},"query-input":"required name=search_term_string"}],"inLanguage":"fr-FR"},{"@type":"WebPage","@id":"https:\/\/nomadconsultants.fr\/index.php\/booster-sa-croissance\/","url":"https:\/\/nomadconsultants.fr\/index.php\/booster-sa-croissance\/","name":"Soci\u00e9t\u00e9 de conseil | Booster sa croissance | nomad consultants","isPartOf":{"@id":"https:\/\/nomadconsultants.fr\/#website"},"datePublished":"2019-09-03T13:16:19+00:00","dateModified":"2022-02-15T20:19:02+00:00","description":"Votre entreprise tourne au ralenti et l'activit\u00e9 n'est pas au rendez-vous - d\u00e9couvrez nos offres pour redynamiser votre chiffre d'affaire et doper vos ventes","breadcrumb":{"@id":"https:\/\/nomadconsultants.fr\/index.php\/booster-sa-croissance\/#breadcrumb"},"inLanguage":"fr-FR","potentialAction":[{"@type":"ReadAction","target":["https:\/\/nomadconsultants.fr\/index.php\/booster-sa-croissance\/"]}]},{"@type":"BreadcrumbList","@id":"https:\/\/nomadconsultants.fr\/index.php\/booster-sa-croissance\/#breadcrumb","itemListElement":[{"@type":"ListItem","position":1,"name":"Accueil","item":"https:\/\/nomadconsultants.fr\/"},{"@type":"ListItem","position":2,"name":"Booster sa croissance"}]}]}},"_links":{"self":[{"href":"https:\/\/nomadconsultants.fr\/index.php\/wp-json\/wp\/v2\/pages\/1704"}],"collection":[{"href":"https:\/\/nomadconsultants.fr\/index.php\/wp-json\/wp\/v2\/pages"}],"about":[{"href":"https:\/\/nomadconsultants.fr\/index.php\/wp-json\/wp\/v2\/types\/page"}],"author":[{"embeddable":true,"href":"https:\/\/nomadconsultants.fr\/index.php\/wp-json\/wp\/v2\/users\/2"}],"replies":[{"embeddable":true,"href":"https:\/\/nomadconsultants.fr\/index.php\/wp-json\/wp\/v2\/comments?post=1704"}],"version-history":[{"count":1,"href":"https:\/\/nomadconsultants.fr\/index.php\/wp-json\/wp\/v2\/pages\/1704\/revisions"}],"predecessor-version":[{"id":1881,"href":"https:\/\/nomadconsultants.fr\/index.php\/wp-json\/wp\/v2\/pages\/1704\/revisions\/1881"}],"wp:attachment":[{"href":"https:\/\/nomadconsultants.fr\/index.php\/wp-json\/wp\/v2\/media?parent=1704"}],"curies":[{"name":"wp","href":"https:\/\/api.w.org\/{rel}","templated":true}]}}